{"id":32,"date":"2014-11-30T21:59:11","date_gmt":"2014-11-30T19:59:11","guid":{"rendered":"http:\/\/www.primocom.fi\/sin\/?page_id=32"},"modified":"2015-09-29T17:18:21","modified_gmt":"2015-09-29T14:18:21","slug":"yritys","status":"publish","type":"page","link":"https:\/\/www.sinmachine.fi\/fi\/yritys\/","title":{"rendered":"Yritys"},"content":{"rendered":"<h1><\/h1>\n<p>SINMAChine Oy on suomalainen vuonna 1993 perustettu perheyhti\u00f6, joka aloitti toimintansa kunnostamalla ja v\u00e4litt\u00e4m\u00e4ll\u00e4 k\u00e4ytettyj\u00e4 murskausasemia Ven\u00e4j\u00e4lle. Ensimm\u00e4inen sopimus solmittiin vuoden 1993 lopulla ja vuonna 2013 toimintaa tuli t\u00e4yteen yht\u00e4jaksoisesti jo 20 vuotta.<\/p>\n<p>Nykyisin tuotevalikoima on laajentunut murskauslaitoksista asfalttiasemiin, louhintakalustoon, maansiirtolaitteisiin ja muihin k\u00e4ytettyihin laitteisiin, joita tarvitaan kivenlouhintaan, soran- ja murskeenjalostamiseen ja teiden ja katujen rakentamiseen sek\u00e4 muuhun yhdyskuntarakentamiseen.<\/p>\n<p>SINMAChine Oy v\u00e4litt\u00e4\u00e4 alansa johtavia ja luotettavia tuotemerkkej\u00e4 kuten Caterpillar, Volvo, MB, Amomatic, Metso (Lokomo, Nordberg) sek\u00e4 Sandvik (Svedala, Tamrock). T\u00e4m\u00e4 toimintaperiaate on luonut yhti\u00f6lle vahvan jalansijan markkinoilla ja taannut laajan joukon tyytyv\u00e4isi\u00e4 asiakkaita.<\/p>\n<p>SINMAChine\u00a0Oy:n toimipaikka on It\u00e4-Suomessa, Suonenjoella, jossa sijaitsevat yhti\u00f6n toimitilat ja huoltoverstas. Yhti\u00f6 ty\u00f6llist\u00e4\u00e4 noin kymmenen henkil\u00f6\u00e4 Suonenjoella, ja Ven\u00e4j\u00e4ll\u00e4 yhti\u00f6ll\u00e4 on laaja yhteisty\u00f6verkosto, joka kattaa l\u00e4hes koko maan.<\/p>\n<p>Vuosien saatossa SINMAChine\u00a0Oy:ll\u00e4 on ollut kymmeni\u00e4 toimituksia eripuolille Ven\u00e4j\u00e4\u00e4, p\u00e4\u00e4paino on ollut Karjalan tasavallan alueella, jossa toimii useita SINMAChine Oy:n toimittamia asfaltti- ja murskausasemia. L\u00e4hivuosien strategiana on kasvattaa myynti\u00e4 Suomen l\u00e4hialueiden lis\u00e4ksi Ven\u00e4j\u00e4n Uralin takana sijaitsevilla alueilla sek\u00e4 Aasiassa, ja jatkaa my\u00f6s Afrikassa hyvin alkanutta toimintaa \u00a0vahvistaen yhti\u00f6n yhteisty\u00f6verkostoa kaikilla edell\u00e4 mainituilla alueilla.<\/p>\n","protected":false},"excerpt":{"rendered":"<p>SINMAChine Oy on suomalainen vuonna 1993 perustettu perheyhti\u00f6, joka aloitti toimintansa kunnostamalla ja v\u00e4litt\u00e4m\u00e4ll\u00e4 k\u00e4ytettyj\u00e4 murskausasemia Ven\u00e4j\u00e4lle. Ensimm\u00e4inen sopimus solmittiin vuoden 1993 lopulla ja vuonna 2013 toimintaa tuli t\u00e4yteen yht\u00e4jaksoisesti jo 20 vuotta. Nykyisin tuotevalikoima on laajentunut murskauslaitoksista asfalttiasemiin, louhintakalustoon, maansiirtolaitteisiin ja muihin k\u00e4ytettyihin laitteisiin, joita tarvitaan kivenlouhintaan, soran- ja murskeenjalostamiseen ja teiden ja katujen&#8230;<\/p>\n","protected":false},"author":1,"featured_media":0,"parent":0,"menu_order":0,"comment_status":"closed","ping_status":"closed","template":"full-width-page.php","meta":{"_kad_blocks_custom_css":"","_kad_blocks_head_custom_js":"","_kad_blocks_body_custom_js":"","_kad_blocks_footer_custom_js":"","_kad_post_transparent":"","_kad_post_title":"","_kad_post_layout":"","_kad_post_sidebar_id":"","_kad_post_content_style":"","_kad_post_vertical_padding":"","_kad_post_feature":"","_kad_post_feature_position":"","_kad_post_header":false,"_kad_post_footer":false},"featured_image_src_large":false,"author_info":{"display_name":"primocom","author_link":"https:\/\/www.sinmachine.fi\/fi\/author\/primocom\/"},"comment_info":0,"taxonomy_info":[],"_links":{"self":[{"href":"https:\/\/www.sinmachine.fi\/fi\/wp-json\/wp\/v2\/pages\/32"}],"collection":[{"href":"https:\/\/www.sinmachine.fi\/fi\/wp-json\/wp\/v2\/pages"}],"about":[{"href":"https:\/\/www.sinmachine.fi\/fi\/wp-json\/wp\/v2\/types\/page"}],"author":[{"embeddable":true,"href":"https:\/\/www.sinmachine.fi\/fi\/wp-json\/wp\/v2\/users\/1"}],"replies":[{"embeddable":true,"href":"https:\/\/www.sinmachine.fi\/fi\/wp-json\/wp\/v2\/comments?post=32"}],"version-history":[{"count":5,"href":"https:\/\/www.sinmachine.fi\/fi\/wp-json\/wp\/v2\/pages\/32\/revisions"}],"predecessor-version":[{"id":727,"href":"https:\/\/www.sinmachine.fi\/fi\/wp-json\/wp\/v2\/pages\/32\/revisions\/727"}],"wp:attachment":[{"href":"https:\/\/www.sinmachine.fi\/fi\/wp-json\/wp\/v2\/media?parent=32"}],"curies":[{"name":"wp","href":"https:\/\/api.w.org\/{rel}","templated":true}]}}