{"id":23,"date":"2014-11-23T18:39:59","date_gmt":"2014-11-23T16:39:59","guid":{"rendered":"http:\/\/www.primocom.fi\/sin\/?page_id=23"},"modified":"2023-09-17T15:34:09","modified_gmt":"2023-09-17T12:34:09","slug":"etusivu","status":"publish","type":"page","link":"https:\/\/www.sinmachine.fi\/fi\/","title":{"rendered":"Etusivu"},"content":{"rendered":"<div class=\"entry-content\">\n<h1><\/h1>\n<p>SINMAChine\u00a0Oy\u00a0on\u00a0suomalainen\u00a0konepajayhti\u00f6,\u00a0joka\u00a0on\u00a0erikoistunut\u00a0k\u00e4ytettyjen maanrakennuslaitteiden,\u200b\u200b kuten poralaitteiden, seulojen ja murskainten sek\u00e4 tienrakennuskoneiden,\u00a0kuten asfalttiasemien ja asfaltointilaitteiden kunnostukseen ja vientiin. Lis\u00e4ksi SINMAChine Oy v\u00e4litt\u00e4\u00e4 erilaisia maansiirtokoneita; puskutraktoreita, py\u00f6r\u00e4kuormaajia, dumppereita ja kaivukoneita.\u200b\u200b<\/p>\n<p><strong>Vientialueet<\/strong><br \/>\nSINMAChine Oy\u200b:n vientikohteita l\u00f6ytyy joka puolelta maailmaa. Euroopan lis\u00e4ksi mm. Afrikasta ja Etel\u00e4-Amerikasta.<\/p>\n<p><strong>Asiakkaat<\/strong><br \/>\nSINMAChine\u00a0Oy:n asiakkaita\u00a0ovat vientikohtemaiden\u00a0erikokoiset maanrakennusalan yritykset.<\/p>\n<p><strong>Koneet ja laitteet<br \/>\n<\/strong>SINMAChine\u00a0Oy toimittaa\u00a0kaikkia alojensa luotettavia ja johtavia tuotemerkkej\u00e4.\u200b<\/p>\n<p><strong>Vara- ja kulutusosat<\/strong><br \/>\nSINMAChine\u00a0Oy v\u00e4litt\u00e4\u00e4 my\u00f6s vara- ja kulutusosia toimittamiinsa laitteisiin.<\/p>\n<\/div>\n","protected":false},"excerpt":{"rendered":"<p>SINMAChine\u00a0Oy\u00a0on\u00a0suomalainen\u00a0konepajayhti\u00f6,\u00a0joka\u00a0on\u00a0erikoistunut\u00a0k\u00e4ytettyjen maanrakennuslaitteiden,\u200b\u200b kuten poralaitteiden, seulojen ja murskainten sek\u00e4 tienrakennuskoneiden,\u00a0kuten asfalttiasemien ja asfaltointilaitteiden kunnostukseen ja vientiin. Lis\u00e4ksi SINMAChine Oy v\u00e4litt\u00e4\u00e4 erilaisia maansiirtokoneita; puskutraktoreita, py\u00f6r\u00e4kuormaajia, dumppereita ja kaivukoneita.\u200b\u200b Vientialueet SINMAChine Oy\u200b:n vientikohteita l\u00f6ytyy joka puolelta maailmaa. Euroopan lis\u00e4ksi mm. Afrikasta ja Etel\u00e4-Amerikasta. Asiakkaat SINMAChine\u00a0Oy:n asiakkaita\u00a0ovat vientikohtemaiden\u00a0erikokoiset maanrakennusalan yritykset. Koneet ja laitteet SINMAChine\u00a0Oy toimittaa\u00a0kaikkia alojensa luotettavia ja johtavia&#8230;<\/p>\n","protected":false},"author":1,"featured_media":0,"parent":0,"menu_order":0,"comment_status":"closed","ping_status":"closed","template":"","meta":{"_kad_blocks_custom_css":"","_kad_blocks_head_custom_js":"","_kad_blocks_body_custom_js":"","_kad_blocks_footer_custom_js":"","_kad_post_transparent":"","_kad_post_title":"","_kad_post_layout":"","_kad_post_sidebar_id":"","_kad_post_content_style":"","_kad_post_vertical_padding":"","_kad_post_feature":"","_kad_post_feature_position":"","_kad_post_header":false,"_kad_post_footer":false},"featured_image_src_large":false,"author_info":{"display_name":"primocom","author_link":"https:\/\/www.sinmachine.fi\/fi\/author\/primocom\/"},"comment_info":0,"taxonomy_info":[],"_links":{"self":[{"href":"https:\/\/www.sinmachine.fi\/fi\/wp-json\/wp\/v2\/pages\/23"}],"collection":[{"href":"https:\/\/www.sinmachine.fi\/fi\/wp-json\/wp\/v2\/pages"}],"about":[{"href":"https:\/\/www.sinmachine.fi\/fi\/wp-json\/wp\/v2\/types\/page"}],"author":[{"embeddable":true,"href":"https:\/\/www.sinmachine.fi\/fi\/wp-json\/wp\/v2\/users\/1"}],"replies":[{"embeddable":true,"href":"https:\/\/www.sinmachine.fi\/fi\/wp-json\/wp\/v2\/comments?post=23"}],"version-history":[{"count":5,"href":"https:\/\/www.sinmachine.fi\/fi\/wp-json\/wp\/v2\/pages\/23\/revisions"}],"predecessor-version":[{"id":3418,"href":"https:\/\/www.sinmachine.fi\/fi\/wp-json\/wp\/v2\/pages\/23\/revisions\/3418"}],"wp:attachment":[{"href":"https:\/\/www.sinmachine.fi\/fi\/wp-json\/wp\/v2\/media?parent=23"}],"curies":[{"name":"wp","href":"https:\/\/api.w.org\/{rel}","templated":true}]}}